{"id":4161,"date":"2019-11-01T12:07:16","date_gmt":"2019-11-01T16:07:16","guid":{"rendered":"https:\/\/awishmontreal.org\/contact\/"},"modified":"2025-11-28T10:44:36","modified_gmt":"2025-11-28T15:44:36","slug":"contact","status":"publish","type":"page","link":"https:\/\/awishmontreal.org\/fr\/contact\/","title":{"rendered":"Contactez-nous"},"content":{"rendered":"\t\t<div data-elementor-type=\"wp-page\" data-elementor-id=\"4161\" class=\"elementor elementor-4161 elementor-139\" data-elementor-post-type=\"page\">\n\t\t\t\t\t\t<section class=\"elementor-section elementor-top-section elementor-element elementor-element-ff0f997 elementor-section-boxed elementor-section-height-default elementor-section-height-default\" data-id=\"ff0f997\" data-element_type=\"section\" data-e-type=\"section\" data-settings=\"{&quot;background_background&quot;:&quot;classic&quot;}\">\n\t\t\t\t\t\t<div class=\"elementor-container elementor-column-gap-wider\">\n\t\t\t\t\t<div class=\"elementor-column elementor-col-100 elementor-top-column elementor-element elementor-element-ee394a9\" data-id=\"ee394a9\" data-element_type=\"column\" data-e-type=\"column\">\n\t\t\t<div class=\"elementor-widget-wrap elementor-element-populated\">\n\t\t\t\t\t\t<div class=\"elementor-element elementor-element-b350b2c elementor-widget-tablet_extra__width-initial elementor-widget elementor-widget-heading\" data-id=\"b350b2c\" data-element_type=\"widget\" data-e-type=\"widget\" data-widget_type=\"heading.default\">\n\t\t\t\t<div class=\"elementor-widget-container\">\n\t\t\t\t\t<h1 class=\"elementor-heading-title elementor-size-default\">Contactez-Nous<\/h1>\t\t\t\t<\/div>\n\t\t\t\t<\/div>\n\t\t\t\t<div class=\"elementor-element elementor-element-7372b79 elementor-widget__width-initial elementor-widget-tablet_extra__width-initial elementor-widget elementor-widget-text-editor\" data-id=\"7372b79\" data-element_type=\"widget\" data-e-type=\"widget\" data-widget_type=\"text-editor.default\">\n\t\t\t\t<div class=\"elementor-widget-container\">\n\t\t\t\t\t\t\t\t\t<p><strong>AWISH <br \/>(Association d&rsquo;entraide d&rsquo;arthrite de l&rsquo;Ouest de l&rsquo;\u00cele de Montr\u00e9al)<\/strong><br \/>#103 &#8211; 640 Ch. Du Bord-Du-Lac-Lakeshore<br \/>Dorval, Qu\u00e9bec<br \/>H9S 2B6<\/p><p><b>Du lundi au vendredi: de 9 h \u00e0 15 h<br \/><\/b><em>Veuillez t\u00e9l\u00e9phoner avant de visiter<\/em><\/p><p><strong>514-631-3288<\/strong><br \/><a href=\"mailto:arthritis@awishmontreal.org\">arthritis@awishmontreal.org<\/a><\/p>\t\t\t\t\t\t\t\t<\/div>\n\t\t\t\t<\/div>\n\t\t\t\t<div class=\"elementor-element elementor-element-1fc0f84 elementor-widget__width-initial elementor-widget-tablet_extra__width-initial elementor-position-top elementor-widget elementor-widget-image-box\" data-id=\"1fc0f84\" data-element_type=\"widget\" data-e-type=\"widget\" data-widget_type=\"image-box.default\">\n\t\t\t\t<div class=\"elementor-widget-container\">\n\t\t\t\t\t<div class=\"elementor-image-box-wrapper\"><figure class=\"elementor-image-box-img\"><img fetchpriority=\"high\" decoding=\"async\" width=\"1024\" height=\"768\" src=\"https:\/\/awishmontreal.org\/wp-content\/uploads\/2025\/02\/AWISH-Exterior-Building-_-20240917-scaled-1-1024x768.jpg\" class=\"attachment-large size-large wp-image-8113\" alt=\"\" srcset=\"https:\/\/awishmontreal.org\/wp-content\/uploads\/2025\/02\/AWISH-Exterior-Building-_-20240917-scaled-1-1024x768.jpg 1024w, https:\/\/awishmontreal.org\/wp-content\/uploads\/2025\/02\/AWISH-Exterior-Building-_-20240917-scaled-1-300x225.jpg 300w, https:\/\/awishmontreal.org\/wp-content\/uploads\/2025\/02\/AWISH-Exterior-Building-_-20240917-scaled-1-768x576.jpg 768w, https:\/\/awishmontreal.org\/wp-content\/uploads\/2025\/02\/AWISH-Exterior-Building-_-20240917-scaled-1-1536x1152.jpg 1536w, https:\/\/awishmontreal.org\/wp-content\/uploads\/2025\/02\/AWISH-Exterior-Building-_-20240917-scaled-1-2048x1536.jpg 2048w\" sizes=\"(max-width: 1024px) 100vw, 1024px\" \/><\/figure><\/div>\t\t\t\t<\/div>\n\t\t\t\t<\/div>\n\t\t\t\t\t<\/div>\n\t\t<\/div>\n\t\t\t\t\t<\/div>\n\t\t<\/section>\n\t\t\t\t<section class=\"elementor-section elementor-top-section elementor-element elementor-element-629c17d elementor-section-boxed elementor-section-height-default elementor-section-height-default\" data-id=\"629c17d\" data-element_type=\"section\" data-e-type=\"section\" data-settings=\"{&quot;background_background&quot;:&quot;classic&quot;}\">\n\t\t\t\t\t\t\t<div class=\"elementor-background-overlay\"><\/div>\n\t\t\t\t\t\t\t<div class=\"elementor-container elementor-column-gap-default\">\n\t\t\t\t\t<div class=\"elementor-column elementor-col-50 elementor-top-column elementor-element elementor-element-b6f4143\" data-id=\"b6f4143\" data-element_type=\"column\" data-e-type=\"column\">\n\t\t\t<div class=\"elementor-widget-wrap elementor-element-populated\">\n\t\t\t\t\t\t<section class=\"elementor-section elementor-inner-section elementor-element elementor-element-b9023b2 elementor-section-boxed elementor-section-height-default elementor-section-height-default\" data-id=\"b9023b2\" data-element_type=\"section\" data-e-type=\"section\" data-settings=\"{&quot;background_background&quot;:&quot;classic&quot;}\">\n\t\t\t\t\t\t<div class=\"elementor-container elementor-column-gap-default\">\n\t\t\t\t\t<div class=\"elementor-column elementor-col-100 elementor-inner-column elementor-element elementor-element-c4ee15f\" data-id=\"c4ee15f\" data-element_type=\"column\" data-e-type=\"column\">\n\t\t\t<div class=\"elementor-widget-wrap elementor-element-populated\">\n\t\t\t\t\t\t<div class=\"elementor-element elementor-element-f7e947f elementor-widget elementor-widget-heading\" data-id=\"f7e947f\" data-element_type=\"widget\" data-e-type=\"widget\" data-widget_type=\"heading.default\">\n\t\t\t\t<div class=\"elementor-widget-container\">\n\t\t\t\t\t<h3 class=\"elementor-heading-title elementor-size-default\">Laissez-nous un message<\/h3>\t\t\t\t<\/div>\n\t\t\t\t<\/div>\n\t\t\t\t<div class=\"elementor-element elementor-element-84a88b6 elementor-button-align-stretch elementor-widget elementor-widget-form\" data-id=\"84a88b6\" data-element_type=\"widget\" data-e-type=\"widget\" data-settings=\"{&quot;step_next_label&quot;:&quot;Suivant&quot;,&quot;step_previous_label&quot;:&quot;Pr\\u00e9c\\u00e9dent&quot;,&quot;button_width&quot;:&quot;100&quot;,&quot;step_type&quot;:&quot;number_text&quot;,&quot;step_icon_shape&quot;:&quot;circle&quot;}\" data-widget_type=\"form.default\">\n\t\t\t\t<div class=\"elementor-widget-container\">\n\t\t\t\t\t\t\t<form class=\"elementor-form\" method=\"post\" name=\"Nouveau formulaire\" aria-label=\"Nouveau formulaire\">\n\t\t\t<input type=\"hidden\" name=\"post_id\" value=\"4161\"\/>\n\t\t\t<input type=\"hidden\" name=\"form_id\" value=\"84a88b6\"\/>\n\t\t\t<input type=\"hidden\" name=\"referer_title\" value=\"Contactez-nous - AWISH\" \/>\n\n\t\t\t\t\t\t\t<input type=\"hidden\" name=\"queried_id\" value=\"4161\"\/>\n\t\t\t\n\t\t\t<div class=\"elementor-form-fields-wrapper elementor-labels-\">\n\t\t\t\t\t\t\t\t<div class=\"elementor-field-type-text elementor-field-group elementor-column elementor-field-group-field_f7c6936 elementor-col-50 elementor-field-required\">\n\t\t\t\t\t\t\t\t\t\t\t\t<label for=\"form-field-field_f7c6936\" class=\"elementor-field-label elementor-screen-only\">\n\t\t\t\t\t\t\t\tNom\t\t\t\t\t\t\t<\/label>\n\t\t\t\t\t\t\t\t\t\t\t\t\t\t<input size=\"1\" type=\"text\" name=\"form_fields[field_f7c6936]\" id=\"form-field-field_f7c6936\" class=\"elementor-field elementor-size-sm  elementor-field-textual\" placeholder=\"Nom\" required=\"required\">\n\t\t\t\t\t\t\t\t\t\t\t<\/div>\n\t\t\t\t\t\t\t\t<div class=\"elementor-field-type-email elementor-field-group elementor-column elementor-field-group-field_6436f76 elementor-col-50 elementor-field-required\">\n\t\t\t\t\t\t\t\t\t\t\t\t<label for=\"form-field-field_6436f76\" class=\"elementor-field-label elementor-screen-only\">\n\t\t\t\t\t\t\t\tCourriel\t\t\t\t\t\t\t<\/label>\n\t\t\t\t\t\t\t\t\t\t\t\t\t\t<input size=\"1\" type=\"email\" name=\"form_fields[field_6436f76]\" id=\"form-field-field_6436f76\" class=\"elementor-field elementor-size-sm  elementor-field-textual\" placeholder=\"Courriel\" required=\"required\">\n\t\t\t\t\t\t\t\t\t\t\t<\/div>\n\t\t\t\t\t\t\t\t<div class=\"elementor-field-type-text elementor-field-group elementor-column elementor-field-group-field_d49493e elementor-col-100 elementor-field-required\">\n\t\t\t\t\t\t\t\t\t\t\t\t<label for=\"form-field-field_d49493e\" class=\"elementor-field-label elementor-screen-only\">\n\t\t\t\t\t\t\t\tSubjet\t\t\t\t\t\t\t<\/label>\n\t\t\t\t\t\t\t\t\t\t\t\t\t\t<input size=\"1\" type=\"text\" name=\"form_fields[field_d49493e]\" id=\"form-field-field_d49493e\" class=\"elementor-field elementor-size-sm  elementor-field-textual\" placeholder=\"Subjet\" required=\"required\">\n\t\t\t\t\t\t\t\t\t\t\t<\/div>\n\t\t\t\t\t\t\t\t<div class=\"elementor-field-type-textarea elementor-field-group elementor-column elementor-field-group-field_06522f2 elementor-col-100 elementor-field-required\">\n\t\t\t\t\t\t\t\t\t\t\t\t<label for=\"form-field-field_06522f2\" class=\"elementor-field-label elementor-screen-only\">\n\t\t\t\t\t\t\t\tMessage\t\t\t\t\t\t\t<\/label>\n\t\t\t\t\t\t<textarea class=\"elementor-field-textual elementor-field  elementor-size-sm\" name=\"form_fields[field_06522f2]\" id=\"form-field-field_06522f2\" rows=\"4\" placeholder=\"Message\" required=\"required\"><\/textarea>\t\t\t\t<\/div>\n\t\t\t\t\t\t\t\t<div class=\"elementor-field-group elementor-column elementor-field-type-submit elementor-col-100 e-form__buttons\">\n\t\t\t\t\t<button class=\"elementor-button elementor-size-sm\" type=\"submit\">\n\t\t\t\t\t\t<span class=\"elementor-button-content-wrapper\">\n\t\t\t\t\t\t\t\t\t\t\t\t\t\t\t\t\t\t\t\t\t\t<span class=\"elementor-button-text\">Soumettre<\/span>\n\t\t\t\t\t\t\t\t\t\t\t\t\t<\/span>\n\t\t\t\t\t<\/button>\n\t\t\t\t<\/div>\n\t\t\t<\/div>\n\t\t<\/form>\n\t\t\t\t\t\t<\/div>\n\t\t\t\t<\/div>\n\t\t\t\t\t<\/div>\n\t\t<\/div>\n\t\t\t\t\t<\/div>\n\t\t<\/section>\n\t\t\t\t<div class=\"elementor-element elementor-element-3797727 elementor-shape-circle elementor-grid-0 e-grid-align-center elementor-widget elementor-widget-social-icons\" data-id=\"3797727\" data-element_type=\"widget\" data-e-type=\"widget\" data-widget_type=\"social-icons.default\">\n\t\t\t\t<div class=\"elementor-widget-container\">\n\t\t\t\t\t\t\t<div class=\"elementor-social-icons-wrapper elementor-grid\">\n\t\t\t\t\t\t\t<span class=\"elementor-grid-item\">\n\t\t\t\t\t<a class=\"elementor-icon elementor-social-icon elementor-social-icon-facebook elementor-repeater-item-ecf390b\" href=\"https:\/\/www.facebook.com\/profile.php?id=100009254938855\" target=\"_blank\">\n\t\t\t\t\t\t<span class=\"elementor-screen-only\">Facebook<\/span>\n\t\t\t\t\t\t<i aria-hidden=\"true\" class=\"fab fa-facebook\"><\/i>\t\t\t\t\t<\/a>\n\t\t\t\t<\/span>\n\t\t\t\t\t<\/div>\n\t\t\t\t\t\t<\/div>\n\t\t\t\t<\/div>\n\t\t\t\t<div class=\"elementor-element elementor-element-637bd91 elementor-widget elementor-widget-text-editor\" data-id=\"637bd91\" data-element_type=\"widget\" data-e-type=\"widget\" data-widget_type=\"text-editor.default\">\n\t\t\t\t<div class=\"elementor-widget-container\">\n\t\t\t\t\t\t\t\t\t<p><a href=\"https:\/\/www.facebook.com\/AWISHmontreal\/\"><strong>Suivez notre page Facebook<\/strong><\/a><\/p>\t\t\t\t\t\t\t\t<\/div>\n\t\t\t\t<\/div>\n\t\t\t\t<div class=\"elementor-element elementor-element-9c50f75 elementor-widget elementor-widget-text-editor\" data-id=\"9c50f75\" data-element_type=\"widget\" data-e-type=\"widget\" data-widget_type=\"text-editor.default\">\n\t\t\t\t<div class=\"elementor-widget-container\">\n\t\t\t\t\t\t\t\t\t<p><a href=\"https:\/\/www.facebook.com\/profile.php?id=100009254938855\"><strong>Devenez notre ami sur Facebook<\/strong><\/a><\/p>\t\t\t\t\t\t\t\t<\/div>\n\t\t\t\t<\/div>\n\t\t\t\t\t<\/div>\n\t\t<\/div>\n\t\t\t\t<div class=\"elementor-column elementor-col-50 elementor-top-column elementor-element elementor-element-1b9e1b6\" data-id=\"1b9e1b6\" data-element_type=\"column\" data-e-type=\"column\">\n\t\t\t<div class=\"elementor-widget-wrap elementor-element-populated\">\n\t\t\t\t\t\t<div class=\"elementor-element elementor-element-313af85 elementor-widget elementor-widget-image-box\" data-id=\"313af85\" data-element_type=\"widget\" data-e-type=\"widget\" data-widget_type=\"image-box.default\">\n\t\t\t\t<div class=\"elementor-widget-container\">\n\t\t\t\t\t<div class=\"elementor-image-box-wrapper\"><div class=\"elementor-image-box-content\"><h4 class=\"elementor-image-box-title\">La rue transversale est Presentation Ave<\/h4><p class=\"elementor-image-box-description\">Stationnement disponible sur place.<br>\nIl y a des arr\u00eats de bus STM aux coins adjacents.<\/p><\/div><\/div>\t\t\t\t<\/div>\n\t\t\t\t<\/div>\n\t\t\t\t<div class=\"elementor-element elementor-element-f65978e elementor-widget elementor-widget-google_maps\" data-id=\"f65978e\" data-element_type=\"widget\" data-e-type=\"widget\" data-widget_type=\"google_maps.default\">\n\t\t\t\t<div class=\"elementor-widget-container\">\n\t\t\t\t\t\t\t<div class=\"elementor-custom-embed\">\n\t\t\t<iframe loading=\"lazy\"\n\t\t\t\t\tsrc=\"https:\/\/maps.google.com\/maps?q=640%20Lakeshore%2C%20Suite%20103%2C%20Dorval%2C%20QC%20H9S%202B6&#038;t=m&#038;z=14&#038;output=embed&#038;iwloc=near\"\n\t\t\t\t\ttitle=\"640 Lakeshore, Suite 103, Dorval, QC H9S 2B6\"\n\t\t\t\t\taria-label=\"640 Lakeshore, Suite 103, Dorval, QC H9S 2B6\"\n\t\t\t><\/iframe>\n\t\t<\/div>\n\t\t\t\t\t\t<\/div>\n\t\t\t\t<\/div>\n\t\t\t\t<div class=\"elementor-element elementor-element-4e2c380 elementor-widget elementor-widget-image-box\" data-id=\"4e2c380\" data-element_type=\"widget\" data-e-type=\"widget\" data-widget_type=\"image-box.default\">\n\t\t\t\t<div class=\"elementor-widget-container\">\n\t\t\t\t\t<div class=\"elementor-image-box-wrapper\"><div class=\"elementor-image-box-content\"><h4 class=\"elementor-image-box-title\">Nous attendons avec impatience votre r\u00e9ponse!<\/h4><\/div><\/div>\t\t\t\t<\/div>\n\t\t\t\t<\/div>\n\t\t\t\t\t<\/div>\n\t\t<\/div>\n\t\t\t\t\t<\/div>\n\t\t<\/section>\n\t\t\t\t<\/div>\n\t\t","protected":false},"excerpt":{"rendered":"<p>Contactez-Nous AWISH (Association d&rsquo;entraide d&rsquo;arthrite de l&rsquo;Ouest de l&rsquo;\u00cele de Montr\u00e9al)#103 &#8211; 640 Ch. Du Bord-Du-Lac-LakeshoreDorval, Qu\u00e9becH9S 2B6 Du lundi au vendredi: de 9 h \u00e0 15 hVeuillez t\u00e9l\u00e9phoner avant de visiter 514-631-3288arthritis@awishmontreal.org Laissez-nous un message Facebook Suivez notre page Facebook Devenez notre ami sur Facebook La rue transversale est Presentation Ave Stationnement disponible sur [&hellip;]<\/p>\n","protected":false},"author":1,"featured_media":0,"parent":0,"menu_order":0,"comment_status":"closed","ping_status":"closed","template":"","meta":{"give_campaign_id":0,"site-sidebar-layout":"no-sidebar","site-content-layout":"page-builder","ast-site-content-layout":"default","site-content-style":"default","site-sidebar-style":"default","ast-global-header-display":"","ast-banner-title-visibility":"","ast-main-header-display":"","ast-hfb-above-header-display":"","ast-hfb-below-header-display":"","ast-hfb-mobile-header-display":"","site-post-title":"disabled","ast-breadcrumbs-content":"","ast-featured-img":"disabled","footer-sml-layout":"","ast-disable-related-posts":"","theme-transparent-header-meta":"default","adv-header-id-meta":"","stick-header-meta":"","header-above-stick-meta":"","header-main-stick-meta":"","header-below-stick-meta":"","astra-migrate-meta-layouts":"default","ast-page-background-enabled":"default","ast-page-background-meta":{"desktop":{"background-color":"","background-image":"","background-repeat":"repeat","background-position":"center center","background-size":"auto","background-attachment":"scroll","background-type":"","background-media":"","overlay-type":"","overlay-color":"","overlay-opacity":"","overlay-gradient":""},"tablet":{"background-color":"","background-image":"","background-repeat":"repeat","background-position":"center center","background-size":"auto","background-attachment":"scroll","background-type":"","background-media":"","overlay-type":"","overlay-color":"","overlay-opacity":"","overlay-gradient":""},"mobile":{"background-color":"","background-image":"","background-repeat":"repeat","background-position":"center center","background-size":"auto","background-attachment":"scroll","background-type":"","background-media":"","overlay-type":"","overlay-color":"","overlay-opacity":"","overlay-gradient":""}},"ast-content-background-meta":{"desktop":{"background-color":"var(--ast-global-color-5)","background-image":"","background-repeat":"repeat","background-position":"center center","background-size":"auto","background-attachment":"scroll","background-type":"","background-media":"","overlay-type":"","overlay-color":"","overlay-opacity":"","overlay-gradient":""},"tablet":{"background-color":"var(--ast-global-color-5)","background-image":"","background-repeat":"repeat","background-position":"center center","background-size":"auto","background-attachment":"scroll","background-type":"","background-media":"","overlay-type":"","overlay-color":"","overlay-opacity":"","overlay-gradient":""},"mobile":{"background-color":"var(--ast-global-color-5)","background-image":"","background-repeat":"repeat","background-position":"center center","background-size":"auto","background-attachment":"scroll","background-type":"","background-media":"","overlay-type":"","overlay-color":"","overlay-opacity":"","overlay-gradient":""}},"footnotes":""},"class_list":["post-4161","page","type-page","status-publish","hentry"],"yoast_head":"<!-- This site is optimized with the Yoast SEO plugin v27.3 - https:\/\/yoast.com\/product\/yoast-seo-wordpress\/ -->\n<title>Contactez-nous - AWISH<\/title>\n<meta name=\"robots\" content=\"index, follow, max-snippet:-1, max-image-preview:large, max-video-preview:-1\" \/>\n<link rel=\"canonical\" href=\"https:\/\/awishmontreal.org\/fr\/contact\/\" \/>\n<meta property=\"og:locale\" content=\"fr_FR\" \/>\n<meta property=\"og:type\" content=\"article\" \/>\n<meta property=\"og:title\" content=\"Contactez-nous - AWISH\" \/>\n<meta property=\"og:description\" content=\"Contactez-Nous AWISH (Association d&rsquo;entraide d&rsquo;arthrite de l&rsquo;Ouest de l&rsquo;\u00cele de Montr\u00e9al)#103 &#8211; 640 Ch. Du Bord-Du-Lac-LakeshoreDorval, Qu\u00e9becH9S 2B6 Du lundi au vendredi: de 9 h \u00e0 15 hVeuillez t\u00e9l\u00e9phoner avant de visiter 514-631-3288arthritis@awishmontreal.org Laissez-nous un message Facebook Suivez notre page Facebook Devenez notre ami sur Facebook La rue transversale est Presentation Ave Stationnement disponible sur [&hellip;]\" \/>\n<meta property=\"og:url\" content=\"https:\/\/awishmontreal.org\/fr\/contact\/\" \/>\n<meta property=\"og:site_name\" content=\"AWISH\" \/>\n<meta property=\"article:publisher\" content=\"https:\/\/www.facebook.com\/profile.php?id=100069131421005&amp;ref=hl\" \/>\n<meta property=\"article:modified_time\" content=\"2025-11-28T15:44:36+00:00\" \/>\n<meta property=\"og:image\" content=\"https:\/\/awishmontreal.org\/wp-content\/uploads\/2025\/02\/AWISH-Exterior-Building-_-20240917-scaled-1.jpg\" \/>\n\t<meta property=\"og:image:width\" content=\"2560\" \/>\n\t<meta property=\"og:image:height\" content=\"1920\" \/>\n\t<meta property=\"og:image:type\" content=\"image\/jpeg\" \/>\n<meta name=\"twitter:card\" content=\"summary_large_image\" \/>\n<meta name=\"twitter:label1\" content=\"Dur\u00e9e de lecture estim\u00e9e\" \/>\n\t<meta name=\"twitter:data1\" content=\"1 minute\" \/>\n<script type=\"application\/ld+json\" class=\"yoast-schema-graph\">{\"@context\":\"https:\\\/\\\/schema.org\",\"@graph\":[{\"@type\":\"WebPage\",\"@id\":\"https:\\\/\\\/awishmontreal.org\\\/fr\\\/contact\\\/\",\"url\":\"https:\\\/\\\/awishmontreal.org\\\/fr\\\/contact\\\/\",\"name\":\"Contactez-nous - AWISH\",\"isPartOf\":{\"@id\":\"https:\\\/\\\/awishmontreal.org\\\/#website\"},\"primaryImageOfPage\":{\"@id\":\"https:\\\/\\\/awishmontreal.org\\\/fr\\\/contact\\\/#primaryimage\"},\"image\":{\"@id\":\"https:\\\/\\\/awishmontreal.org\\\/fr\\\/contact\\\/#primaryimage\"},\"thumbnailUrl\":\"https:\\\/\\\/awishmontreal.org\\\/wp-content\\\/uploads\\\/2025\\\/02\\\/AWISH-Exterior-Building-_-20240917-scaled-1-1024x768.jpg\",\"datePublished\":\"2019-11-01T16:07:16+00:00\",\"dateModified\":\"2025-11-28T15:44:36+00:00\",\"breadcrumb\":{\"@id\":\"https:\\\/\\\/awishmontreal.org\\\/fr\\\/contact\\\/#breadcrumb\"},\"inLanguage\":\"fr-FR\",\"potentialAction\":[{\"@type\":\"ReadAction\",\"target\":[\"https:\\\/\\\/awishmontreal.org\\\/fr\\\/contact\\\/\"]}]},{\"@type\":\"ImageObject\",\"inLanguage\":\"fr-FR\",\"@id\":\"https:\\\/\\\/awishmontreal.org\\\/fr\\\/contact\\\/#primaryimage\",\"url\":\"https:\\\/\\\/awishmontreal.org\\\/wp-content\\\/uploads\\\/2025\\\/02\\\/AWISH-Exterior-Building-_-20240917-scaled-1-1024x768.jpg\",\"contentUrl\":\"https:\\\/\\\/awishmontreal.org\\\/wp-content\\\/uploads\\\/2025\\\/02\\\/AWISH-Exterior-Building-_-20240917-scaled-1-1024x768.jpg\"},{\"@type\":\"BreadcrumbList\",\"@id\":\"https:\\\/\\\/awishmontreal.org\\\/fr\\\/contact\\\/#breadcrumb\",\"itemListElement\":[{\"@type\":\"ListItem\",\"position\":1,\"name\":\"Home\",\"item\":\"https:\\\/\\\/awishmontreal.org\\\/\"},{\"@type\":\"ListItem\",\"position\":2,\"name\":\"Contactez-nous\"}]},{\"@type\":\"WebSite\",\"@id\":\"https:\\\/\\\/awishmontreal.org\\\/#website\",\"url\":\"https:\\\/\\\/awishmontreal.org\\\/\",\"name\":\"AWISH\",\"description\":\"\",\"publisher\":{\"@id\":\"https:\\\/\\\/awishmontreal.org\\\/#organization\"},\"potentialAction\":[{\"@type\":\"SearchAction\",\"target\":{\"@type\":\"EntryPoint\",\"urlTemplate\":\"https:\\\/\\\/awishmontreal.org\\\/?s={search_term_string}\"},\"query-input\":{\"@type\":\"PropertyValueSpecification\",\"valueRequired\":true,\"valueName\":\"search_term_string\"}}],\"inLanguage\":\"fr-FR\"},{\"@type\":\"Organization\",\"@id\":\"https:\\\/\\\/awishmontreal.org\\\/#organization\",\"name\":\"AWISH\",\"url\":\"https:\\\/\\\/awishmontreal.org\\\/\",\"logo\":{\"@type\":\"ImageObject\",\"inLanguage\":\"fr-FR\",\"@id\":\"https:\\\/\\\/awishmontreal.org\\\/#\\\/schema\\\/logo\\\/image\\\/\",\"url\":\"https:\\\/\\\/awishmontreal.org\\\/wp-content\\\/uploads\\\/2023\\\/10\\\/cropped-FCP_LOGO_approved_rev-e1698357534241-1.png\",\"contentUrl\":\"https:\\\/\\\/awishmontreal.org\\\/wp-content\\\/uploads\\\/2023\\\/10\\\/cropped-FCP_LOGO_approved_rev-e1698357534241-1.png\",\"width\":602,\"height\":285,\"caption\":\"AWISH\"},\"image\":{\"@id\":\"https:\\\/\\\/awishmontreal.org\\\/#\\\/schema\\\/logo\\\/image\\\/\"},\"sameAs\":[\"https:\\\/\\\/www.facebook.com\\\/profile.php?id=100069131421005&ref=hl\"]}]}<\/script>\n<!-- \/ Yoast SEO plugin. -->","yoast_head_json":{"title":"Contactez-nous - AWISH","robots":{"index":"index","follow":"follow","max-snippet":"max-snippet:-1","max-image-preview":"max-image-preview:large","max-video-preview":"max-video-preview:-1"},"canonical":"https:\/\/awishmontreal.org\/fr\/contact\/","og_locale":"fr_FR","og_type":"article","og_title":"Contactez-nous - AWISH","og_description":"Contactez-Nous AWISH (Association d&rsquo;entraide d&rsquo;arthrite de l&rsquo;Ouest de l&rsquo;\u00cele de Montr\u00e9al)#103 &#8211; 640 Ch. Du Bord-Du-Lac-LakeshoreDorval, Qu\u00e9becH9S 2B6 Du lundi au vendredi: de 9 h \u00e0 15 hVeuillez t\u00e9l\u00e9phoner avant de visiter 514-631-3288arthritis@awishmontreal.org Laissez-nous un message Facebook Suivez notre page Facebook Devenez notre ami sur Facebook La rue transversale est Presentation Ave Stationnement disponible sur [&hellip;]","og_url":"https:\/\/awishmontreal.org\/fr\/contact\/","og_site_name":"AWISH","article_publisher":"https:\/\/www.facebook.com\/profile.php?id=100069131421005&ref=hl","article_modified_time":"2025-11-28T15:44:36+00:00","og_image":[{"width":2560,"height":1920,"url":"https:\/\/awishmontreal.org\/wp-content\/uploads\/2025\/02\/AWISH-Exterior-Building-_-20240917-scaled-1.jpg","type":"image\/jpeg"}],"twitter_card":"summary_large_image","twitter_misc":{"Dur\u00e9e de lecture estim\u00e9e":"1 minute"},"schema":{"@context":"https:\/\/schema.org","@graph":[{"@type":"WebPage","@id":"https:\/\/awishmontreal.org\/fr\/contact\/","url":"https:\/\/awishmontreal.org\/fr\/contact\/","name":"Contactez-nous - AWISH","isPartOf":{"@id":"https:\/\/awishmontreal.org\/#website"},"primaryImageOfPage":{"@id":"https:\/\/awishmontreal.org\/fr\/contact\/#primaryimage"},"image":{"@id":"https:\/\/awishmontreal.org\/fr\/contact\/#primaryimage"},"thumbnailUrl":"https:\/\/awishmontreal.org\/wp-content\/uploads\/2025\/02\/AWISH-Exterior-Building-_-20240917-scaled-1-1024x768.jpg","datePublished":"2019-11-01T16:07:16+00:00","dateModified":"2025-11-28T15:44:36+00:00","breadcrumb":{"@id":"https:\/\/awishmontreal.org\/fr\/contact\/#breadcrumb"},"inLanguage":"fr-FR","potentialAction":[{"@type":"ReadAction","target":["https:\/\/awishmontreal.org\/fr\/contact\/"]}]},{"@type":"ImageObject","inLanguage":"fr-FR","@id":"https:\/\/awishmontreal.org\/fr\/contact\/#primaryimage","url":"https:\/\/awishmontreal.org\/wp-content\/uploads\/2025\/02\/AWISH-Exterior-Building-_-20240917-scaled-1-1024x768.jpg","contentUrl":"https:\/\/awishmontreal.org\/wp-content\/uploads\/2025\/02\/AWISH-Exterior-Building-_-20240917-scaled-1-1024x768.jpg"},{"@type":"BreadcrumbList","@id":"https:\/\/awishmontreal.org\/fr\/contact\/#breadcrumb","itemListElement":[{"@type":"ListItem","position":1,"name":"Home","item":"https:\/\/awishmontreal.org\/"},{"@type":"ListItem","position":2,"name":"Contactez-nous"}]},{"@type":"WebSite","@id":"https:\/\/awishmontreal.org\/#website","url":"https:\/\/awishmontreal.org\/","name":"AWISH","description":"","publisher":{"@id":"https:\/\/awishmontreal.org\/#organization"},"potentialAction":[{"@type":"SearchAction","target":{"@type":"EntryPoint","urlTemplate":"https:\/\/awishmontreal.org\/?s={search_term_string}"},"query-input":{"@type":"PropertyValueSpecification","valueRequired":true,"valueName":"search_term_string"}}],"inLanguage":"fr-FR"},{"@type":"Organization","@id":"https:\/\/awishmontreal.org\/#organization","name":"AWISH","url":"https:\/\/awishmontreal.org\/","logo":{"@type":"ImageObject","inLanguage":"fr-FR","@id":"https:\/\/awishmontreal.org\/#\/schema\/logo\/image\/","url":"https:\/\/awishmontreal.org\/wp-content\/uploads\/2023\/10\/cropped-FCP_LOGO_approved_rev-e1698357534241-1.png","contentUrl":"https:\/\/awishmontreal.org\/wp-content\/uploads\/2023\/10\/cropped-FCP_LOGO_approved_rev-e1698357534241-1.png","width":602,"height":285,"caption":"AWISH"},"image":{"@id":"https:\/\/awishmontreal.org\/#\/schema\/logo\/image\/"},"sameAs":["https:\/\/www.facebook.com\/profile.php?id=100069131421005&ref=hl"]}]}},"campaignId":"","_links":{"self":[{"href":"https:\/\/awishmontreal.org\/fr\/wp-json\/wp\/v2\/pages\/4161","targetHints":{"allow":["GET"]}}],"collection":[{"href":"https:\/\/awishmontreal.org\/fr\/wp-json\/wp\/v2\/pages"}],"about":[{"href":"https:\/\/awishmontreal.org\/fr\/wp-json\/wp\/v2\/types\/page"}],"author":[{"embeddable":true,"href":"https:\/\/awishmontreal.org\/fr\/wp-json\/wp\/v2\/users\/1"}],"replies":[{"embeddable":true,"href":"https:\/\/awishmontreal.org\/fr\/wp-json\/wp\/v2\/comments?post=4161"}],"version-history":[{"count":25,"href":"https:\/\/awishmontreal.org\/fr\/wp-json\/wp\/v2\/pages\/4161\/revisions"}],"predecessor-version":[{"id":9412,"href":"https:\/\/awishmontreal.org\/fr\/wp-json\/wp\/v2\/pages\/4161\/revisions\/9412"}],"wp:attachment":[{"href":"https:\/\/awishmontreal.org\/fr\/wp-json\/wp\/v2\/media?parent=4161"}],"curies":[{"name":"wp","href":"https:\/\/api.w.org\/{rel}","templated":true}]}}