{"id":4037,"date":"2023-12-12T12:05:45","date_gmt":"2023-12-12T17:05:45","guid":{"rendered":"https:\/\/awishmontreal.org\/reconnaissance-des-terres\/"},"modified":"2024-02-07T13:43:32","modified_gmt":"2024-02-07T18:43:32","slug":"reconnaissance-des-terres","status":"publish","type":"page","link":"https:\/\/awishmontreal.org\/fr\/reconnaissance-des-terres\/","title":{"rendered":"Reconnaissance du territoire"},"content":{"rendered":"\t\t<div data-elementor-type=\"wp-page\" data-elementor-id=\"4037\" class=\"elementor elementor-4037 elementor-3465\" data-elementor-post-type=\"page\">\n\t\t\t\t<div class=\"elementor-element elementor-element-20e3f940 e-flex e-con-boxed e-con e-parent\" data-id=\"20e3f940\" data-element_type=\"container\" data-e-type=\"container\">\n\t\t\t\t\t<div class=\"e-con-inner\">\n\t\t\t\t<div class=\"elementor-element elementor-element-1079d72a elementor-widget elementor-widget-text-editor\" data-id=\"1079d72a\" data-element_type=\"widget\" data-e-type=\"widget\" data-widget_type=\"text-editor.default\">\n\t\t\t\t<div class=\"elementor-widget-container\">\n\t\t\t\t\t\t\t\t\t<p style=\"font-weight: 400;\">Les reconnaissances de territoire sont des gestes de r\u00e9conciliation et une mani\u00e8re pour les Canadiens de reconna\u00eetre les injustices continues et la r\u00e9silience des peuples autochtones de partout au Canada.<\/p><p style=\"font-weight: 400;\">Dans la reconnaissance de territoire, nous reconnaissons le territoire et les eaux, les nations des peuples qui sont les gardiens de ces terres. Les reconnaissances de territoire jouent \u00e9galement un r\u00f4le important dans l\u2019enseignement des trait\u00e9s qui sont la fondation de la relation entre le Canada et les Premi\u00e8res Nations.<\/p><p style=\"font-weight: 400;\">Ces reconnaissances sont aussi un rappel de nos responsabilit\u00e9s \u00e0 tous de nous \u00e9duquer sur ces injustices, de les aborder, de les reconna\u00eetre et d\u2019y rem\u00e9dier.<\/p><p style=\"font-weight: 400;\">Un aspect important des reconnaissances de territoire est d\u2019envisager des mesures concr\u00e8tes de r\u00e9conciliation avec les peuples autochtones.<\/p><p style=\"font-weight: 400;\">Nous vous encourageons \u00e0 en apprendre davantage au sujet des nations, du territoire et des communaut\u00e9s des r\u00e9gions o\u00f9 vous vivez. Il est important de comprendre les r\u00e9percussions de la colonisation et de travailler ensemble pour s\u2019attaquer \u00e0 celles-ci aux c\u00f4t\u00e9s des peuples autochtones.<\/p><p style=\"font-weight: 400;\">L\u2019arthrite et les communaut\u00e9s autochtones<\/p><p><img fetchpriority=\"high\" decoding=\"async\" class=\"alignnone wp-image-4207 size-medium\" src=\"https:\/\/awishmontreal.org\/wp-content\/uploads\/2024\/01\/LandAknowledgementFrenchGraphic-1-300x204.png\" alt=\"\" width=\"300\" height=\"204\" srcset=\"https:\/\/awishmontreal.org\/wp-content\/uploads\/2024\/01\/LandAknowledgementFrenchGraphic-1-300x204.png 300w, https:\/\/awishmontreal.org\/wp-content\/uploads\/2024\/01\/LandAknowledgementFrenchGraphic-1.png 534w\" sizes=\"(max-width: 300px) 100vw, 300px\" \/><\/p><p style=\"font-weight: 400;\">Bien que les donn\u00e9es \u00e9pid\u00e9miologiques sur le fardeau de l\u2019arthrite dans les populations autochtones du Canada soient limit\u00e9es, la pr\u00e9valence de l\u2019arthrite est plus \u00e9lev\u00e9e chez les adultes des Premi\u00e8res nations et les M\u00e9tis que chez les adultes non Autochtones. Le rapport de l\u2019Agence de la sant\u00e9 publique du Canada intitul\u00e9 Les principales in\u00e9galit\u00e9s en sant\u00e9 au Canada : Un portrait national (2018) de l\u2019Agence de la sant\u00e9 publique du Canada fait \u00e9tat de la pr\u00e9valence de l\u2019arthrite chez les membres des Premi\u00e8res nations vivant hors r\u00e9serve (26,0 %), les membres des Premi\u00e8res nations vivant dans les r\u00e9serves (25,2 %), les M\u00e9tis (25,8 %), les Inuits (21,1 %) et les non Autochtones (16,6 %) vivant au Canada.<\/p><p style=\"font-weight: 400;\">Une revue de la litt\u00e9rature, men\u00e9e par la Soci\u00e9t\u00e9 de l\u2019arthrite du Canada a \u00e9galement rep\u00e9r\u00e9 les obstacles communs auxquels les peuples autochtones sont confront\u00e9s lorsqu\u2019elles cherchent \u00e0 acc\u00e9der aux soins de sant\u00e9, y compris les probl\u00e8mes financiers, g\u00e9ographiques, sociaux et politiques. Les principaux obstacles mis en lumi\u00e8re comprennent les limites des infrastructures de sant\u00e9, le manque de qualit\u00e9 des soins, la discrimination sociale, les obstacles culturels, etc.<\/p><p style=\"font-weight: 400;\"><em>Guide de prononciation :<\/em><\/p><ul style=\"font-weight: 400;\"><li>Mississaugas (mis-sus-SOG-guz)<\/li><li>Anishinaabeg (ah-nish-in-NAW-beg)<\/li><li>Chippewa (CHIP-uh-waa)<\/li><li>Haudenosaunee (HOE-den-no-SHOW-nee)<\/li><li>Wendat (wen-dat)<\/li><li>M\u00e9tis (MAY-tee)<\/li><li>Inuit (IN-ooh-eet)<\/li><\/ul><p style=\"font-weight: 400;\">Source : La Soci\u00e9t\u00e9 de l&rsquo;arthrite<\/p><p style=\"font-weight: 400;\"><a href=\"https:\/\/arthrite.ca\/a-propos-de-nous\/a-propos-de-la-societe-de-l-arthrite-du-canada\/reconnaissance-du-territoire\" target=\"_blank\" rel=\"noopener\">https:\/\/arthritis.ca\/about-us\/about-arthrhttps:\/\/arthrite.ca\/a-propos-de-nous\/a-propos-de-la-societe-de-l-arthrite-du-canada\/reconnaissance-du-territoireitis-society-canada\/land-acknowledgement<\/a><\/p>\t\t\t\t\t\t\t\t<\/div>\n\t\t\t\t<\/div>\n\t\t\t\t\t<\/div>\n\t\t\t\t<\/div>\n\t\t\t\t<\/div>\n\t\t","protected":false},"excerpt":{"rendered":"<p>Les reconnaissances de territoire sont des gestes de r\u00e9conciliation et une mani\u00e8re pour les Canadiens de reconna\u00eetre les injustices continues et la r\u00e9silience des peuples autochtones de partout au Canada. Dans la reconnaissance de territoire, nous reconnaissons le territoire et les eaux, les nations des peuples qui sont les gardiens de ces terres. Les reconnaissances [&hellip;]<\/p>\n","protected":false},"author":1,"featured_media":0,"parent":0,"menu_order":0,"comment_status":"closed","ping_status":"closed","template":"","meta":{"give_campaign_id":0,"site-sidebar-layout":"default","site-content-layout":"","ast-site-content-layout":"default","site-content-style":"default","site-sidebar-style":"default","ast-global-header-display":"","ast-banner-title-visibility":"","ast-main-header-display":"","ast-hfb-above-header-display":"","ast-hfb-below-header-display":"","ast-hfb-mobile-header-display":"","site-post-title":"","ast-breadcrumbs-content":"","ast-featured-img":"","footer-sml-layout":"","ast-disable-related-posts":"","theme-transparent-header-meta":"","adv-header-id-meta":"","stick-header-meta":"","header-above-stick-meta":"","header-main-stick-meta":"","header-below-stick-meta":"","astra-migrate-meta-layouts":"default","ast-page-background-enabled":"default","ast-page-background-meta":{"desktop":{"background-color":"","background-image":"","background-repeat":"repeat","background-position":"center center","background-size":"auto","background-attachment":"scroll","background-type":"","background-media":"","overlay-type":"","overlay-color":"","overlay-opacity":"","overlay-gradient":""},"tablet":{"background-color":"","background-image":"","background-repeat":"repeat","background-position":"center center","background-size":"auto","background-attachment":"scroll","background-type":"","background-media":"","overlay-type":"","overlay-color":"","overlay-opacity":"","overlay-gradient":""},"mobile":{"background-color":"","background-image":"","background-repeat":"repeat","background-position":"center center","background-size":"auto","background-attachment":"scroll","background-type":"","background-media":"","overlay-type":"","overlay-color":"","overlay-opacity":"","overlay-gradient":""}},"ast-content-background-meta":{"desktop":{"background-color":"var(--ast-global-color-5)","background-image":"","background-repeat":"repeat","background-position":"center center","background-size":"auto","background-attachment":"scroll","background-type":"","background-media":"","overlay-type":"","overlay-color":"","overlay-opacity":"","overlay-gradient":""},"tablet":{"background-color":"var(--ast-global-color-5)","background-image":"","background-repeat":"repeat","background-position":"center center","background-size":"auto","background-attachment":"scroll","background-type":"","background-media":"","overlay-type":"","overlay-color":"","overlay-opacity":"","overlay-gradient":""},"mobile":{"background-color":"var(--ast-global-color-5)","background-image":"","background-repeat":"repeat","background-position":"center center","background-size":"auto","background-attachment":"scroll","background-type":"","background-media":"","overlay-type":"","overlay-color":"","overlay-opacity":"","overlay-gradient":""}},"footnotes":""},"class_list":["post-4037","page","type-page","status-publish","hentry"],"yoast_head":"<!-- This site is optimized with the Yoast SEO plugin v27.3 - https:\/\/yoast.com\/product\/yoast-seo-wordpress\/ -->\n<title>Reconnaissance du territoire - AWISH<\/title>\n<meta name=\"robots\" content=\"index, follow, max-snippet:-1, max-image-preview:large, max-video-preview:-1\" \/>\n<link rel=\"canonical\" href=\"https:\/\/awishmontreal.org\/fr\/reconnaissance-des-terres\/\" \/>\n<meta property=\"og:locale\" content=\"fr_FR\" \/>\n<meta property=\"og:type\" content=\"article\" \/>\n<meta property=\"og:title\" content=\"Reconnaissance du territoire - AWISH\" \/>\n<meta property=\"og:description\" content=\"Les reconnaissances de territoire sont des gestes de r\u00e9conciliation et une mani\u00e8re pour les Canadiens de reconna\u00eetre les injustices continues et la r\u00e9silience des peuples autochtones de partout au Canada. Dans la reconnaissance de territoire, nous reconnaissons le territoire et les eaux, les nations des peuples qui sont les gardiens de ces terres. Les reconnaissances [&hellip;]\" \/>\n<meta property=\"og:url\" content=\"https:\/\/awishmontreal.org\/fr\/reconnaissance-des-terres\/\" \/>\n<meta property=\"og:site_name\" content=\"AWISH\" \/>\n<meta property=\"article:publisher\" content=\"https:\/\/www.facebook.com\/profile.php?id=100069131421005&amp;ref=hl\" \/>\n<meta property=\"article:modified_time\" content=\"2024-02-07T18:43:32+00:00\" \/>\n<meta property=\"og:image\" content=\"https:\/\/awishmontreal.org\/wp-content\/uploads\/2024\/01\/LandAknowledgementFrenchGraphic-1-300x204.png\" \/>\n<meta name=\"twitter:card\" content=\"summary_large_image\" \/>\n<meta name=\"twitter:label1\" content=\"Dur\u00e9e de lecture estim\u00e9e\" \/>\n\t<meta name=\"twitter:data1\" content=\"2 minutes\" \/>\n<script type=\"application\/ld+json\" class=\"yoast-schema-graph\">{\"@context\":\"https:\\\/\\\/schema.org\",\"@graph\":[{\"@type\":\"WebPage\",\"@id\":\"https:\\\/\\\/awishmontreal.org\\\/fr\\\/reconnaissance-des-terres\\\/\",\"url\":\"https:\\\/\\\/awishmontreal.org\\\/fr\\\/reconnaissance-des-terres\\\/\",\"name\":\"Reconnaissance du territoire - AWISH\",\"isPartOf\":{\"@id\":\"https:\\\/\\\/awishmontreal.org\\\/#website\"},\"primaryImageOfPage\":{\"@id\":\"https:\\\/\\\/awishmontreal.org\\\/fr\\\/reconnaissance-des-terres\\\/#primaryimage\"},\"image\":{\"@id\":\"https:\\\/\\\/awishmontreal.org\\\/fr\\\/reconnaissance-des-terres\\\/#primaryimage\"},\"thumbnailUrl\":\"https:\\\/\\\/awishmontreal.org\\\/wp-content\\\/uploads\\\/2024\\\/01\\\/LandAknowledgementFrenchGraphic-1-300x204.png\",\"datePublished\":\"2023-12-12T17:05:45+00:00\",\"dateModified\":\"2024-02-07T18:43:32+00:00\",\"breadcrumb\":{\"@id\":\"https:\\\/\\\/awishmontreal.org\\\/fr\\\/reconnaissance-des-terres\\\/#breadcrumb\"},\"inLanguage\":\"fr-FR\",\"potentialAction\":[{\"@type\":\"ReadAction\",\"target\":[\"https:\\\/\\\/awishmontreal.org\\\/fr\\\/reconnaissance-des-terres\\\/\"]}]},{\"@type\":\"ImageObject\",\"inLanguage\":\"fr-FR\",\"@id\":\"https:\\\/\\\/awishmontreal.org\\\/fr\\\/reconnaissance-des-terres\\\/#primaryimage\",\"url\":\"https:\\\/\\\/awishmontreal.org\\\/wp-content\\\/uploads\\\/2024\\\/01\\\/LandAknowledgementFrenchGraphic-1-300x204.png\",\"contentUrl\":\"https:\\\/\\\/awishmontreal.org\\\/wp-content\\\/uploads\\\/2024\\\/01\\\/LandAknowledgementFrenchGraphic-1-300x204.png\"},{\"@type\":\"BreadcrumbList\",\"@id\":\"https:\\\/\\\/awishmontreal.org\\\/fr\\\/reconnaissance-des-terres\\\/#breadcrumb\",\"itemListElement\":[{\"@type\":\"ListItem\",\"position\":1,\"name\":\"Home\",\"item\":\"https:\\\/\\\/awishmontreal.org\\\/\"},{\"@type\":\"ListItem\",\"position\":2,\"name\":\"Reconnaissance du territoire\"}]},{\"@type\":\"WebSite\",\"@id\":\"https:\\\/\\\/awishmontreal.org\\\/#website\",\"url\":\"https:\\\/\\\/awishmontreal.org\\\/\",\"name\":\"AWISH\",\"description\":\"\",\"publisher\":{\"@id\":\"https:\\\/\\\/awishmontreal.org\\\/#organization\"},\"potentialAction\":[{\"@type\":\"SearchAction\",\"target\":{\"@type\":\"EntryPoint\",\"urlTemplate\":\"https:\\\/\\\/awishmontreal.org\\\/?s={search_term_string}\"},\"query-input\":{\"@type\":\"PropertyValueSpecification\",\"valueRequired\":true,\"valueName\":\"search_term_string\"}}],\"inLanguage\":\"fr-FR\"},{\"@type\":\"Organization\",\"@id\":\"https:\\\/\\\/awishmontreal.org\\\/#organization\",\"name\":\"AWISH\",\"url\":\"https:\\\/\\\/awishmontreal.org\\\/\",\"logo\":{\"@type\":\"ImageObject\",\"inLanguage\":\"fr-FR\",\"@id\":\"https:\\\/\\\/awishmontreal.org\\\/#\\\/schema\\\/logo\\\/image\\\/\",\"url\":\"https:\\\/\\\/awishmontreal.org\\\/wp-content\\\/uploads\\\/2023\\\/10\\\/cropped-FCP_LOGO_approved_rev-e1698357534241-1.png\",\"contentUrl\":\"https:\\\/\\\/awishmontreal.org\\\/wp-content\\\/uploads\\\/2023\\\/10\\\/cropped-FCP_LOGO_approved_rev-e1698357534241-1.png\",\"width\":602,\"height\":285,\"caption\":\"AWISH\"},\"image\":{\"@id\":\"https:\\\/\\\/awishmontreal.org\\\/#\\\/schema\\\/logo\\\/image\\\/\"},\"sameAs\":[\"https:\\\/\\\/www.facebook.com\\\/profile.php?id=100069131421005&ref=hl\"]}]}<\/script>\n<!-- \/ Yoast SEO plugin. -->","yoast_head_json":{"title":"Reconnaissance du territoire - AWISH","robots":{"index":"index","follow":"follow","max-snippet":"max-snippet:-1","max-image-preview":"max-image-preview:large","max-video-preview":"max-video-preview:-1"},"canonical":"https:\/\/awishmontreal.org\/fr\/reconnaissance-des-terres\/","og_locale":"fr_FR","og_type":"article","og_title":"Reconnaissance du territoire - AWISH","og_description":"Les reconnaissances de territoire sont des gestes de r\u00e9conciliation et une mani\u00e8re pour les Canadiens de reconna\u00eetre les injustices continues et la r\u00e9silience des peuples autochtones de partout au Canada. Dans la reconnaissance de territoire, nous reconnaissons le territoire et les eaux, les nations des peuples qui sont les gardiens de ces terres. Les reconnaissances [&hellip;]","og_url":"https:\/\/awishmontreal.org\/fr\/reconnaissance-des-terres\/","og_site_name":"AWISH","article_publisher":"https:\/\/www.facebook.com\/profile.php?id=100069131421005&ref=hl","article_modified_time":"2024-02-07T18:43:32+00:00","og_image":[{"url":"https:\/\/awishmontreal.org\/wp-content\/uploads\/2024\/01\/LandAknowledgementFrenchGraphic-1-300x204.png","type":"","width":"","height":""}],"twitter_card":"summary_large_image","twitter_misc":{"Dur\u00e9e de lecture estim\u00e9e":"2 minutes"},"schema":{"@context":"https:\/\/schema.org","@graph":[{"@type":"WebPage","@id":"https:\/\/awishmontreal.org\/fr\/reconnaissance-des-terres\/","url":"https:\/\/awishmontreal.org\/fr\/reconnaissance-des-terres\/","name":"Reconnaissance du territoire - AWISH","isPartOf":{"@id":"https:\/\/awishmontreal.org\/#website"},"primaryImageOfPage":{"@id":"https:\/\/awishmontreal.org\/fr\/reconnaissance-des-terres\/#primaryimage"},"image":{"@id":"https:\/\/awishmontreal.org\/fr\/reconnaissance-des-terres\/#primaryimage"},"thumbnailUrl":"https:\/\/awishmontreal.org\/wp-content\/uploads\/2024\/01\/LandAknowledgementFrenchGraphic-1-300x204.png","datePublished":"2023-12-12T17:05:45+00:00","dateModified":"2024-02-07T18:43:32+00:00","breadcrumb":{"@id":"https:\/\/awishmontreal.org\/fr\/reconnaissance-des-terres\/#breadcrumb"},"inLanguage":"fr-FR","potentialAction":[{"@type":"ReadAction","target":["https:\/\/awishmontreal.org\/fr\/reconnaissance-des-terres\/"]}]},{"@type":"ImageObject","inLanguage":"fr-FR","@id":"https:\/\/awishmontreal.org\/fr\/reconnaissance-des-terres\/#primaryimage","url":"https:\/\/awishmontreal.org\/wp-content\/uploads\/2024\/01\/LandAknowledgementFrenchGraphic-1-300x204.png","contentUrl":"https:\/\/awishmontreal.org\/wp-content\/uploads\/2024\/01\/LandAknowledgementFrenchGraphic-1-300x204.png"},{"@type":"BreadcrumbList","@id":"https:\/\/awishmontreal.org\/fr\/reconnaissance-des-terres\/#breadcrumb","itemListElement":[{"@type":"ListItem","position":1,"name":"Home","item":"https:\/\/awishmontreal.org\/"},{"@type":"ListItem","position":2,"name":"Reconnaissance du territoire"}]},{"@type":"WebSite","@id":"https:\/\/awishmontreal.org\/#website","url":"https:\/\/awishmontreal.org\/","name":"AWISH","description":"","publisher":{"@id":"https:\/\/awishmontreal.org\/#organization"},"potentialAction":[{"@type":"SearchAction","target":{"@type":"EntryPoint","urlTemplate":"https:\/\/awishmontreal.org\/?s={search_term_string}"},"query-input":{"@type":"PropertyValueSpecification","valueRequired":true,"valueName":"search_term_string"}}],"inLanguage":"fr-FR"},{"@type":"Organization","@id":"https:\/\/awishmontreal.org\/#organization","name":"AWISH","url":"https:\/\/awishmontreal.org\/","logo":{"@type":"ImageObject","inLanguage":"fr-FR","@id":"https:\/\/awishmontreal.org\/#\/schema\/logo\/image\/","url":"https:\/\/awishmontreal.org\/wp-content\/uploads\/2023\/10\/cropped-FCP_LOGO_approved_rev-e1698357534241-1.png","contentUrl":"https:\/\/awishmontreal.org\/wp-content\/uploads\/2023\/10\/cropped-FCP_LOGO_approved_rev-e1698357534241-1.png","width":602,"height":285,"caption":"AWISH"},"image":{"@id":"https:\/\/awishmontreal.org\/#\/schema\/logo\/image\/"},"sameAs":["https:\/\/www.facebook.com\/profile.php?id=100069131421005&ref=hl"]}]}},"campaignId":"","_links":{"self":[{"href":"https:\/\/awishmontreal.org\/fr\/wp-json\/wp\/v2\/pages\/4037","targetHints":{"allow":["GET"]}}],"collection":[{"href":"https:\/\/awishmontreal.org\/fr\/wp-json\/wp\/v2\/pages"}],"about":[{"href":"https:\/\/awishmontreal.org\/fr\/wp-json\/wp\/v2\/types\/page"}],"author":[{"embeddable":true,"href":"https:\/\/awishmontreal.org\/fr\/wp-json\/wp\/v2\/users\/1"}],"replies":[{"embeddable":true,"href":"https:\/\/awishmontreal.org\/fr\/wp-json\/wp\/v2\/comments?post=4037"}],"version-history":[{"count":0,"href":"https:\/\/awishmontreal.org\/fr\/wp-json\/wp\/v2\/pages\/4037\/revisions"}],"wp:attachment":[{"href":"https:\/\/awishmontreal.org\/fr\/wp-json\/wp\/v2\/media?parent=4037"}],"curies":[{"name":"wp","href":"https:\/\/api.w.org\/{rel}","templated":true}]}}